{"id":380,"date":"2018-06-26T11:20:33","date_gmt":"2018-06-26T09:20:33","guid":{"rendered":"http:\/\/crystalfoot.eu\/?page_id=380"},"modified":"2018-06-26T11:20:33","modified_gmt":"2018-06-26T09:20:33","slug":"reservation-php","status":"publish","type":"page","link":"https:\/\/crystalfoot.eu\/en\/reservation-php\/","title":{"rendered":"R\u00e9servation php"},"content":{"rendered":"<h3 style=\"text-align: center;\"><span style=\"color: #c61c2f;\">Une pi\u00e8ce d&#8217;exception offerte aux grands donateurs<\/span><\/h3>\n<p>Pour tout don d\u2019au moins 40 000 euros vers\u00e9 \u00e0 ELA, vous recevrez cette pi\u00e8ce d\u2019exception fabriqu\u00e9e par la prestigieuse Maison Baccarat au profit d\u2019ELA, pour soutenir la recherche sur les leucodystrophies et le d\u00e9veloppement international d\u2019ELA.<\/p>\n<p>Une s\u00e9rie limit\u00e9e num\u00e9rot\u00e9e de 1 \u00e0 100 de ce pied de cristal sera fabriqu\u00e9e gracieusement par Baccarat au fur et \u00e0 mesure des r\u00e9servations.<\/p>\n<form action=\"http:\/\/crystalfoot.eu\/?page_id=162\" method=\"post\"><input id=\"subscribeNews\" name=\"contrat\" required=\"\" type=\"checkbox\" value=\"1\" \/><label for=\"subscribeNews\">\u00a0 Je r\u00e9serve un Zidane&#8217;s Crystalfoot et m&#8217;engage \u00e0 faire un don \u00e0 ELA.<\/label><label class=\"labelAchat\">Nom <input class=\"achat\" name=\"nom\" required=\"\" type=\"text\" \/><\/label><br \/>\n<label class=\"labelAchat\">Pr\u00e9nom<input class=\"achat\" name=\"prenom\" required=\"\" type=\"text\" \/><\/label><br \/>\n<label class=\"labelAchat\">Email<input class=\"achat\" name=\"email\" required=\"\" type=\"text\" \/><\/label><br \/>\n<label class=\"labelAchat\">T\u00e9l\u00e9phone<input class=\"achat\" name=\"tel\" required=\"\" type=\"text\" \/><\/label><br \/>\n<input id=\"contactChoice1\" name=\"statut\" required=\"\" type=\"radio\" value=\"particulier\" \/><label for=\"contactChoice1\">\u00a0 vous \u00eates un particulier<\/label><br \/>\n<input id=\"contactChoice2\" name=\"statut\" required=\"\" type=\"radio\" value=\"entreprise\" \/><label for=\"contactChoice1\">\u00a0 vous \u00eates une entreprise<\/label><label class=\"labelAchat\">Adresse de livraison<input class=\"achat\" name=\"adresse\" required=\"\" type=\"text\" \/><\/label><br \/>\n<label class=\"labelAchat\">Code postal<input class=\"achat\" name=\"code\" required=\"\" type=\"text\" \/><\/label><br \/>\n<label class=\"labelAchat\">Ville<input class=\"achat\" name=\"ville\" required=\"\" type=\"text\" \/><\/label><br \/>\n<label class=\"labelAchat\">Pays<input class=\"achat\" name=\"pays\" required=\"\" type=\"text\" \/><\/label><br \/>\n<label class=\"labelAchat\">Contact mobile pour la livraison<input class=\"achat\" name=\"contact\" required=\"\" type=\"text\" \/><\/label><br \/>\n<br \/>\n<label class=\"labelAchat\">Promesse de don<input class=\"achat\" name=\"don\" required=\"\" type=\"text\" \/><\/label>D\u00e8s r\u00e9ception de votre r\u00e9servation ELA prendra contact avec vous.Baccarat organisera avec vous la livraison de votre pied de cristal.<strong style=\"color: #c61c2f;\">Nous attirons votre attention sur le fait que votre r\u00e9servation ne sera effective qu\u2019apr\u00e8s r\u00e9ception de votre don par l\u2019association ELA.<\/strong><\/p>\n<p><button name=\"action\" type=\"submit\" value=\"reservation\">Valider<\/button><\/p>\n<\/form>\n","protected":false},"excerpt":{"rendered":"<p>Une pi\u00e8ce d&#8217;exception offerte aux grands donateurs Pour tout don d\u2019au moins 40 000 euros vers\u00e9 \u00e0 ELA, vous recevrez cette pi\u00e8ce d\u2019exception fabriqu\u00e9e par la prestigieuse Maison Baccarat au profit d\u2019ELA, pour soutenir la[&#8230;]<\/p>\n","protected":false},"author":1,"featured_media":0,"parent":0,"menu_order":0,"comment_status":"closed","ping_status":"closed","template":"","meta":{"footnotes":""},"class_list":["post-380","page","type-page","status-publish","hentry"],"rttpg_featured_image_url":null,"rttpg_author":{"display_name":"admin8479","author_link":"https:\/\/crystalfoot.eu\/en\/author\/admin8479\/"},"rttpg_comment":0,"rttpg_category":null,"rttpg_excerpt":"Une pi\u00e8ce d&#8217;exception offerte aux grands donateurs Pour tout don d\u2019au moins 40 000 euros vers\u00e9 \u00e0 ELA, vous recevrez cette pi\u00e8ce d\u2019exception fabriqu\u00e9e par la prestigieuse Maison Baccarat au profit d\u2019ELA, pour soutenir la[...]","_links":{"self":[{"href":"https:\/\/crystalfoot.eu\/en\/wp-json\/wp\/v2\/pages\/380","targetHints":{"allow":["GET"]}}],"collection":[{"href":"https:\/\/crystalfoot.eu\/en\/wp-json\/wp\/v2\/pages"}],"about":[{"href":"https:\/\/crystalfoot.eu\/en\/wp-json\/wp\/v2\/types\/page"}],"author":[{"embeddable":true,"href":"https:\/\/crystalfoot.eu\/en\/wp-json\/wp\/v2\/users\/1"}],"replies":[{"embeddable":true,"href":"https:\/\/crystalfoot.eu\/en\/wp-json\/wp\/v2\/comments?post=380"}],"version-history":[{"count":1,"href":"https:\/\/crystalfoot.eu\/en\/wp-json\/wp\/v2\/pages\/380\/revisions"}],"predecessor-version":[{"id":381,"href":"https:\/\/crystalfoot.eu\/en\/wp-json\/wp\/v2\/pages\/380\/revisions\/381"}],"wp:attachment":[{"href":"https:\/\/crystalfoot.eu\/en\/wp-json\/wp\/v2\/media?parent=380"}],"curies":[{"name":"wp","href":"https:\/\/api.w.org\/{rel}","templated":true}]}}